{"id":21,"date":"2016-09-12T20:22:57","date_gmt":"2016-09-12T20:22:57","guid":{"rendered":"http:\/\/ea5bm.es\/?page_id=21"},"modified":"2022-09-17T16:20:10","modified_gmt":"2022-09-17T15:20:10","slug":"mi-estacion","status":"publish","type":"page","link":"https:\/\/ea5bm.es\/en\/ea5bm\/mi-estacion\/","title":{"rendered":"Mi Estaci\u00f3n"},"content":{"rendered":"<p><img loading=\"lazy\" decoding=\"async\" class=\"aligncenter wp-image-111\" src=\"http:\/\/ea5bm.es\/wp-content\/uploads\/2016\/09\/BANNER-mi-estacion.jpg\" alt=\"banner-mi-estacion\" width=\"670\" height=\"101\" srcset=\"https:\/\/ea5bm.es\/wp-content\/uploads\/2016\/09\/BANNER-mi-estacion.jpg 1000w, https:\/\/ea5bm.es\/wp-content\/uploads\/2016\/09\/BANNER-mi-estacion-300x45.jpg 300w, https:\/\/ea5bm.es\/wp-content\/uploads\/2016\/09\/BANNER-mi-estacion-768x115.jpg 768w\" sizes=\"auto, (max-width: 670px) 100vw, 670px\" \/><\/p>\n<h3 style=\"margin-bottom: 0.0001pt; text-align: justify;\">Actualmente y tras la cat\u00e1strofe que sufr\u00ed en 2010 al caer la torre y las antenas en mi domicilio en el centro del casco urbano de Vila-real, decid\u00ed trasladar la instalaci\u00f3n principal fuera de la ciudad, a tan solo 9 km en linea recta y controlar la estaci\u00f3n por wifi directa. La tecnolog\u00eda actual permite este tipo de control y la sensaci\u00f3n de tener la radio en casa es pr\u00e1cticamente total, sobre todo si se aplica la tecnolog\u00eda twin (en mi caso sobre equipos kenwood).<\/h3>\n<h2 style=\"margin-bottom: .0001pt;\">El setup es:<\/h2>\n<h3 style=\"margin-bottom: .0001pt;\">2xTS590SG (twin by remoterig)<\/h3>\n<h3 style=\"margin-bottom: .0001pt;\">Low bands RX: TS480<\/h3>\n<h3 style=\"margin-bottom: .0001pt;\">Amplificador lineal OM2200A<\/h3>\n<h2 style=\"margin-bottom: .0001pt;\">Antenas:<\/h2>\n<h3 style=\"margin-bottom: .0001pt;\">50 mhz: 6 el yagi 14mh<\/h3>\n<h3 style=\"margin-bottom: .0001pt;\">10,15,20: 3 el yagi 18 mh<\/h3>\n<h3 style=\"margin-bottom: .0001pt;\">12,17: 5 el yagi 12mh<\/h3>\n<h3 style=\"margin-bottom: .0001pt;\">30,40: 2 el yagi 16mh<\/h3>\n<h3 style=\"margin-bottom: .0001pt;\">80,160: TX ante 30mh GP<\/h3>\n<h3 style=\"margin-bottom: .0001pt;\">RX: 4xbog bev 200 ml end-open (both directions)<\/h3>\n<h3 style=\"margin-bottom: .0001pt;\">1xbev 200 ml end-open (both directions)<\/h3>\n<p>&nbsp;<\/p>\n<h3 style=\"margin-bottom: .0001pt;\">Otros equipos que he tenido a lo largo de mi vida como radioaficionado han sido:<\/h3>\n<h3 style=\"margin-bottom: .0001pt;\">Racal RA-117<\/h3>\n<h3 style=\"margin-bottom: .0001pt;\">Hammarlund HQ-180<\/h3>\n<h3 style=\"margin-bottom: .0001pt;\">Yaesu FT7B<\/h3>\n<h3 style=\"margin-bottom: .0001pt;\">Atlas 210X<\/h3>\n<h3 style=\"margin-bottom: .0001pt;\">Kenwood TS530S<\/h3>\n<h3 style=\"margin-bottom: .0001pt;\">Kenwood TS950SDX<\/h3>\n<h3 style=\"margin-bottom: .0001pt;\">Icom 751A<\/h3>\n<h3 style=\"margin-bottom: .0001pt;\">Yaesu FT902DM<\/h3>\n<h3 style=\"margin-bottom: .0001pt;\">Yaesu FT901D<\/h3>\n<h3 style=\"margin-bottom: .0001pt;\">Drake TR4C<\/h3>\n<h3 style=\"margin-bottom: .0001pt;\">Draker TR7<\/h3>\n<h3 style=\"margin-bottom: .0001pt;\">Icom 775DSP<\/h3>\n<h3 style=\"margin-bottom: .0001pt;\">Kenwood TS-120V (qrp)<\/h3>\n<h3 style=\"margin-bottom: .0001pt;\">Yaesu FT920<\/h3>\n<h3 style=\"margin-bottom: .0001pt;\">Kenwood TS830M<\/h3>\n<h3 style=\"margin-bottom: .0001pt;\">Icom 756<\/h3>\n<h3 style=\"margin-bottom: .0001pt;\">Icom 765<\/h3>\n<h3 style=\"margin-bottom: .0001pt;\">Icom 756 proII<\/h3>\n<h3 style=\"margin-bottom: .0001pt;\">Icom 7700<\/h3>\n<h3 style=\"margin-bottom: .0001pt;\">Yaesu FT-2000<\/h3>\n<h3 style=\"margin-bottom: .0001pt;\">Kenwood TS590S<\/h3>\n<h3 style=\"margin-bottom: .0001pt;\">Kenwood TS-480<\/h3>\n<h3 style=\"margin-bottom: .0001pt;\">Kenwood TS590SG<\/h3>\n<h3 style=\"margin-bottom: .0001pt;\">Heathkit DX60B<\/h3>\n<h3 style=\"margin-bottom: .0001pt;\">Geloso G212<\/h3>\n<h2 style=\"margin-bottom: .0001pt;\">AMPLIFICADORES<\/h2>\n<h3 style=\"margin-bottom: .0001pt;\">Kenwood TL922<\/h3>\n<h3 style=\"margin-bottom: .0001pt;\">Heathkit SB-1000<\/h3>\n<h3 style=\"margin-bottom: .0001pt;\">Yaesu FL-2100<\/h3>\n<h3 style=\"margin-bottom: .0001pt;\">Ameritron AL-1500<\/h3>\n<h3 style=\"margin-bottom: .0001pt;\">Acom 1000<\/h3>\n<h3 style=\"margin-bottom: .0001pt;\">Expert 1k<\/h3>\n<h3 style=\"margin-bottom: .0001pt;\">Expert 2k<\/h3>\n<h3 style=\"margin-bottom: .0001pt;\">OM Power 2200A<\/h3>\n<p>&nbsp;<\/p>\n<table class=\"wp-list-table widefat fixed striped posts\">\n<tbody id=\"the-list\">\n<tr id=\"post-215\" class=\"iedit author-self level-0 post-215 type-photo_book status-publish hentry\">\n<td class=\"date column-date\" data-colname=\"Fecha\"><\/td>\n<td class=\"photo_book_col column-photo_book_col\" data-colname=\"Shortcode\">[photo-book-gallery id=&#8221;215&#8243;]<\/td>\n<\/tr>\n<\/tbody>\n<\/table>\n<p><\/p>","protected":false},"excerpt":{"rendered":"<p>Actualmente y tras la cat\u00e1strofe que sufr\u00ed en 2010 al caer la torre y las antenas en mi domicilio en el centro del casco urbano de Vila-real, decid\u00ed trasladar la instalaci\u00f3n principal fuera de la ciudad, a tan solo 9 km en linea recta y controlar la estaci\u00f3n por wifi directa. La tecnolog\u00eda actual permite [&hellip;]<\/p>\n","protected":false},"author":2,"featured_media":0,"parent":11,"menu_order":2,"comment_status":"closed","ping_status":"closed","template":"","meta":{"ngg_post_thumbnail":0,"ocean_post_layout":"","ocean_both_sidebars_style":"","ocean_both_sidebars_content_width":0,"ocean_both_sidebars_sidebars_width":0,"ocean_sidebar":"","ocean_second_sidebar":"","ocean_disable_margins":"enable","ocean_add_body_class":"","ocean_shortcode_before_top_bar":"","ocean_shortcode_after_top_bar":"","ocean_shortcode_before_header":"","ocean_shortcode_after_header":"","ocean_has_shortcode":"","ocean_shortcode_after_title":"","ocean_shortcode_before_footer_widgets":"","ocean_shortcode_after_footer_widgets":"","ocean_shortcode_before_footer_bottom":"","ocean_shortcode_after_footer_bottom":"","ocean_display_top_bar":"default","ocean_display_header":"default","ocean_header_style":"","ocean_center_header_left_menu":"","ocean_custom_header_template":"","ocean_custom_logo":0,"ocean_custom_retina_logo":0,"ocean_custom_logo_max_width":0,"ocean_custom_logo_tablet_max_width":0,"ocean_custom_logo_mobile_max_width":0,"ocean_custom_logo_max_height":0,"ocean_custom_logo_tablet_max_height":0,"ocean_custom_logo_mobile_max_height":0,"ocean_header_custom_menu":"","ocean_menu_typo_font_family":"","ocean_menu_typo_font_subset":"","ocean_menu_typo_font_size":0,"ocean_menu_typo_font_size_tablet":0,"ocean_menu_typo_font_size_mobile":0,"ocean_menu_typo_font_size_unit":"px","ocean_menu_typo_font_weight":"","ocean_menu_typo_font_weight_tablet":"","ocean_menu_typo_font_weight_mobile":"","ocean_menu_typo_transform":"","ocean_menu_typo_transform_tablet":"","ocean_menu_typo_transform_mobile":"","ocean_menu_typo_line_height":0,"ocean_menu_typo_line_height_tablet":0,"ocean_menu_typo_line_height_mobile":0,"ocean_menu_typo_line_height_unit":"","ocean_menu_typo_spacing":0,"ocean_menu_typo_spacing_tablet":0,"ocean_menu_typo_spacing_mobile":0,"ocean_menu_typo_spacing_unit":"","ocean_menu_link_color":"","ocean_menu_link_color_hover":"","ocean_menu_link_color_active":"","ocean_menu_link_background":"","ocean_menu_link_hover_background":"","ocean_menu_link_active_background":"","ocean_menu_social_links_bg":"","ocean_menu_social_hover_links_bg":"","ocean_menu_social_links_color":"","ocean_menu_social_hover_links_color":"","ocean_disable_title":"default","ocean_disable_heading":"default","ocean_post_title":"","ocean_post_subheading":"","ocean_post_title_style":"","ocean_post_title_background_color":"","ocean_post_title_background":0,"ocean_post_title_bg_image_position":"","ocean_post_title_bg_image_attachment":"","ocean_post_title_bg_image_repeat":"","ocean_post_title_bg_image_size":"","ocean_post_title_height":0,"ocean_post_title_bg_overlay":0.5,"ocean_post_title_bg_overlay_color":"","ocean_disable_breadcrumbs":"default","ocean_breadcrumbs_color":"","ocean_breadcrumbs_separator_color":"","ocean_breadcrumbs_links_color":"","ocean_breadcrumbs_links_hover_color":"","ocean_display_footer_widgets":"default","ocean_display_footer_bottom":"default","ocean_custom_footer_template":"","footnotes":""},"class_list":["post-21","page","type-page","status-publish","hentry","entry"],"_links":{"self":[{"href":"https:\/\/ea5bm.es\/en\/wp-json\/wp\/v2\/pages\/21","targetHints":{"allow":["GET"]}}],"collection":[{"href":"https:\/\/ea5bm.es\/en\/wp-json\/wp\/v2\/pages"}],"about":[{"href":"https:\/\/ea5bm.es\/en\/wp-json\/wp\/v2\/types\/page"}],"author":[{"embeddable":true,"href":"https:\/\/ea5bm.es\/en\/wp-json\/wp\/v2\/users\/2"}],"replies":[{"embeddable":true,"href":"https:\/\/ea5bm.es\/en\/wp-json\/wp\/v2\/comments?post=21"}],"version-history":[{"count":9,"href":"https:\/\/ea5bm.es\/en\/wp-json\/wp\/v2\/pages\/21\/revisions"}],"predecessor-version":[{"id":17916,"href":"https:\/\/ea5bm.es\/en\/wp-json\/wp\/v2\/pages\/21\/revisions\/17916"}],"up":[{"embeddable":true,"href":"https:\/\/ea5bm.es\/en\/wp-json\/wp\/v2\/pages\/11"}],"wp:attachment":[{"href":"https:\/\/ea5bm.es\/en\/wp-json\/wp\/v2\/media?parent=21"}],"curies":[{"name":"wp","href":"https:\/\/api.w.org\/{rel}","templated":true}]}}